{"id":3975,"date":"2022-10-24T15:58:51","date_gmt":"2022-10-24T13:58:51","guid":{"rendered":"https:\/\/car-renting.me\/otisak\/"},"modified":"2022-11-04T16:38:19","modified_gmt":"2022-11-04T15:38:19","slug":"otisak","status":"publish","type":"page","link":"https:\/\/car-renting.me\/bs\/otisak\/","title":{"rendered":"otisak"},"content":{"rendered":"<div class=\"fusion-fullwidth fullwidth-box fusion-builder-row-1 fusion-flex-container has-pattern-background has-mask-background nonhundred-percent-fullwidth non-hundred-percent-height-scrolling\" style=\"--awb-border-radius-top-left:0px;--awb-border-radius-top-right:0px;--awb-border-radius-bottom-right:0px;--awb-border-radius-bottom-left:0px;--awb-flex-wrap:wrap;\" ><div class=\"fusion-builder-row fusion-row fusion-flex-align-items-flex-start fusion-flex-content-wrap\" style=\"max-width:1393.6px;margin-left: calc(-4% \/ 2 );margin-right: calc(-4% \/ 2 );\"><div class=\"fusion-layout-column fusion_builder_column fusion-builder-column-0 fusion_builder_column_1_1 1_1 fusion-flex-column\" style=\"--awb-bg-size:cover;--awb-width-large:100%;--awb-margin-top-large:0px;--awb-spacing-right-large:1.92%;--awb-margin-bottom-large:20px;--awb-spacing-left-large:1.92%;--awb-width-medium:100%;--awb-order-medium:0;--awb-spacing-right-medium:1.92%;--awb-spacing-left-medium:1.92%;--awb-width-small:100%;--awb-order-small:0;--awb-spacing-right-small:1.92%;--awb-spacing-left-small:1.92%;\"><div class=\"fusion-column-wrapper fusion-column-has-shadow fusion-flex-justify-content-flex-start fusion-content-layout-column\"><div class=\"fusion-text fusion-text-1\"><h1 style=\"text-align: center;\">otisak<\/h1>\n<\/div><div class=\"fusion-separator\" style=\"align-self: center;margin-left: auto;margin-right: auto;margin-bottom:60px;width:100%;max-width:200px;\"><div class=\"fusion-separator-border sep-single sep-solid\" style=\"--awb-height:20px;--awb-amount:20px;--awb-sep-color:var(--awb-color4);border-color:var(--awb-color4);border-top-width:2px;\"><\/div><\/div><div class=\"fusion-text fusion-text-2\"><div class=\"fusion-text fusion-text-1\">\n<h3 class=\"fusion-responsive-typography-calculated\" style=\"text-align: center;\" data-fontsize=\"22\" data-lineheight=\"42.02px\">Prema \u00a7 5 TMG<\/h3>\n<div class=\"fusion-separator fusion-full-width-sep\" style=\"align-self: center;margin-left: auto;margin-right: auto;margin-bottom:40px;width:100%;\"><\/div><\/div>\n<div class=\"fusion-text fusion-text-2\">\n<h2 class=\"fusion-responsive-typography-calculated\" style=\"text-align: center;\" data-fontsize=\"18\" data-lineheight=\"37.98px\"><strong>D.O.C.C. d.o.o.<\/strong><\/h2>\n<\/div>\n<div class=\"fusion-text fusion-text-3\">\n<h3 style=\"text-align: center;\">DOCC d.o.o.<br \/>\nDevelopment &#8211; Organisation &#8211; Construction &#8211; Consulting<\/h3>\n<p style=\"text-align: center;\">Senad Daci\u0107 &amp; Julia Embacher<\/p>\n<p style=\"text-align: center;\">Dobra Voda bb<br \/>\n85000 Bar, Montenegro<\/p>\n<div class=\"fusion-separator fusion-full-width-sep\" style=\"align-self: center;margin-left: auto;margin-right: auto;margin-bottom:80px;width:100%;\"><\/div>\n<h3 class=\"fusion-responsive-typography-calculated\" data-fontsize=\"22\" data-lineheight=\"42.02px\"><strong>Predstavljeno od<\/strong><\/h3>\n<\/div>\n<div class=\"fusion-text fusion-text-4\">\n<p>Senad Daci\u0107<br \/>\nDobra Voda bb<br \/>\n85000 Bar<br \/>\nMontenegro<\/p>\n<div class=\"fusion-separator fusion-full-width-sep\" style=\"align-self: center;margin-left: auto;margin-right: auto;margin-bottom:80px;width:100%;\"><\/div>\n<h3 class=\"fusion-responsive-typography-calculated\" data-fontsize=\"22\" data-lineheight=\"42.02px\"><strong>predsjednik nadzornog odbora<\/strong><\/h3>\n<\/div>\n<div class=\"fusion-text fusion-text-5\">\n<p>Senad Daci\u0107<\/p>\n<div class=\"fusion-separator fusion-full-width-sep\" style=\"align-self: center;margin-left: auto;margin-right: auto;margin-bottom:80px;width:100%;\"><\/div>\n<h3 class=\"fusion-responsive-typography-calculated\" data-fontsize=\"22\" data-lineheight=\"42.02px\">Kontakt<\/h3>\n<\/div>\n<div class=\"fusion-text fusion-text-6\">\n<p><strong>Telefon:<\/strong> <a href=\"tel:+38269209925\">+382 69 20 99 25<\/a><br \/>\n<strong>E-Mail:<\/strong><a href=\"mailto:info@docc.me\"> info@docc.me<\/a><\/p>\n<p data-fontsize=\"22\" data-lineheight=\"42.02px\"><div class=\"fusion-separator fusion-full-width-sep\" style=\"align-self: center;margin-left: auto;margin-right: auto;margin-bottom:80px;width:100%;\"><\/div><\/p>\n<h3 class=\"fusion-responsive-typography-calculated\" data-fontsize=\"22\" data-lineheight=\"42.02px\">Odgovoran za sadr\u017eaj prema \u00a7 55 Aps. 2 RStV<\/h3>\n<\/div>\n<div class=\"fusion-text fusion-text-7\">\n<p>Julia Embacher<br \/>\nDobra Voda bb<br \/>\n85000 Bar<br \/>\nMontenegro<\/p>\n<div class=\"fusion-separator fusion-full-width-sep\" style=\"align-self: center;margin-left: auto;margin-right: auto;margin-bottom:80px;width:100%;\"><\/div>\n<h3 class=\"fusion-responsive-typography-calculated\" data-fontsize=\"22\" data-lineheight=\"42.02px\">EU rje\u0161avanje sporova<\/h3>\n<\/div>\n<div class=\"fusion-text fusion-text-8\">\n<p>Evropska komisija pru\u017ea platformu za online rje\u0161avanje sporova (OS): <a href=\"https:\/\/ec.europa.eu\/consumers\/odr\" target=\"_blank\" rel=\"noopener noreferrer\">https:\/\/ec.europa.eu\/consumers\/odr.<\/a><br \/>\nNa\u0161u e-mail adresu mo\u017eete prona\u0107i iznad u impresumu.<\/p>\n<div class=\"fusion-separator fusion-full-width-sep\" style=\"align-self: center;margin-left: auto;margin-right: auto;margin-bottom:80px;width:100%;\"><\/div>\n<h3 class=\"fusion-responsive-typography-calculated\" data-fontsize=\"22\" data-lineheight=\"42.02px\">Rje\u0161avanje potro\u0161a\u010dkih sporova\/univerzalni arbitra\u017eni odbor<\/h3>\n<\/div>\n<div class=\"fusion-text fusion-text-9\">\n<p>Nismo voljni ili obavezni da u\u010destvujemo u postupcima re\u0161avanja sporova pred arbitra\u017enim odborom potro\u0161a\u010da.<\/p>\n<div class=\"fusion-separator fusion-full-width-sep\" style=\"align-self: center;margin-left: auto;margin-right: auto;margin-bottom:120px;width:100%;\"><\/div><\/div>\n<h1 style=\"text-align: center;\">Odricanje od odgovornosti<\/h1>\n<div class=\"fusion-separator\" style=\"align-self: center;margin-left: auto;margin-right: auto;margin-bottom:80px;width:100%;max-width:200px;\"><div class=\"fusion-separator-border sep-single sep-solid\" style=\"--awb-height:20px;--awb-amount:20px;--awb-sep-color:var(--awb-custom_color_1);border-color:var(--awb-custom_color_1);border-top-width:3px;\"><\/div><\/div>\n<div class=\"fusion-text fusion-text-9\">\n<h3 class=\"fusion-responsive-typography-calculated\" style=\"text-align: center;\" data-fontsize=\"22\" data-lineheight=\"42.02px\">Odgovornost za sadr\u017eaj<\/h3>\n<\/div>\n<div class=\"fusion-text fusion-text-10\">\n<p style=\"text-align: center;\">Kao pru\u017ealac usluga mi smo prema \u00a7 7 Aps.1 TMG je odgovoran za svoj sadr\u017eaj na ovim stranicama prema op\u0107im zakonima. Me\u0111utim, prema \u00a7\u00a7 8 do 10 TMG, mi kao pru\u017ealac usluga nismo u obavezi da nadgledamo prenete ili pohranjene informacije tre\u0107e strane ili da istra\u017eujemo okolnosti koje ukazuju na nezakonite aktivnosti.<\/p>\n<p style=\"text-align: center;\">Obaveze uklanjanja ili blokiranja kori\u0161tenja informacija prema op\u0107im zakonima ostaju nepromijenjene. Me\u0111utim, odgovornost u tom pogledu je mogu\u0107a samo od trenutka kada je poznato saznanje o konkretnom kr\u0161enju zakona. \u010cim saznamo za bilo kakvo kr\u0161enje zakona, odmah \u0107emo ukloniti ovaj sadr\u017eaj.<\/p>\n<div class=\"fusion-separator fusion-full-width-sep\" style=\"align-self: center;margin-left: auto;margin-right: auto;margin-bottom:80px;width:100%;\"><\/div>\n<h3 class=\"fusion-responsive-typography-calculated\" style=\"text-align: center;\" data-fontsize=\"22\" data-lineheight=\"42.02px\">Odgovornost za linkove<\/h3>\n<\/div>\n<div class=\"fusion-text fusion-text-11\">\n<p style=\"text-align: center;\">Na\u0161a ponuda sadr\u017ei linkove ka vanjskim web stranicama na koje nemamo utjecaj. Stoga ne mo\u017eemo preuzeti nikakvu odgovornost za ovaj vanjski sadr\u017eaj. Odgovaraju\u0107i provajder ili operater stranica je uvijek odgovoran za sadr\u017eaj povezanih stranica. Povezane stranice su provjerene na mogu\u0107e kr\u0161enje zakona u vrijeme povezivanja. Ilegalni sadr\u017eaj nije bio prepoznatljiv u trenutku povezivanja.<\/p>\n<p style=\"text-align: center;\">Me\u0111utim, stalna kontrola sadr\u017eaja povezanih stranica nije razumna bez konkretnih dokaza o kr\u0161enju. \u010cim saznamo za kr\u0161enje zakona, odmah \u0107emo ukloniti takve linkove.<\/p>\n<p data-fontsize=\"22\" data-lineheight=\"42.02px\"><div class=\"fusion-separator fusion-full-width-sep\" style=\"align-self: center;margin-left: auto;margin-right: auto;margin-bottom:80px;width:100%;\"><\/div><\/p>\n<h3 class=\"fusion-responsive-typography-calculated\" style=\"text-align: center;\" data-fontsize=\"22\" data-lineheight=\"42.02px\">autorsko pravo<\/h3>\n<\/div>\n<div class=\"fusion-sep-clear\" style=\"text-align: center;\">Sadr\u017eaj i radovi na ovim stranicama kreirani od strane operatera stranice podlije\u017eu njema\u010dkom zakonu o autorskim pravima. Umno\u017eavanje, ure\u0111ivanje, distribucija i bilo koja vrsta eksploatacije izvan granica autorskih prava zahtijeva pismenu saglasnost doti\u010dnog autora ili kreatora. Preuzimanja i kopije ovog sajta dozvoljeni su samo za privatnu, nekomercijalnu upotrebu.<\/div>\n<div class=\"fusion-text fusion-text-12\">\n<p style=\"text-align: center;\">Ukoliko sadr\u017eaj na ovoj stranici nije kreirao operater, po\u0161tuju se autorska prava tre\u0107ih lica. Posebno su sadr\u017eaji tre\u0107ih lica ozna\u010deni kao takvi. Ukoliko ipak saznate za kr\u0161enje autorskih prava, molimo da nas o tome obavijestite. \u010cim saznamo za kr\u0161enje zakona, odmah \u0107emo ukloniti takav sadr\u017eaj.<\/p>\n<\/div>\n<\/div><\/div><\/div><\/div><\/div>\n","protected":false},"excerpt":{"rendered":"","protected":false},"author":2,"featured_media":0,"parent":0,"menu_order":0,"comment_status":"closed","ping_status":"closed","template":"","meta":{"footnotes":""},"class_list":["post-3975","page","type-page","status-publish","hentry"],"yoast_head":"<!-- This site is optimized with the Yoast SEO plugin v25.4 - https:\/\/yoast.com\/wordpress\/plugins\/seo\/ -->\n<title>otisak - Car Renting Montenegro<\/title>\n<meta name=\"robots\" content=\"index, follow, max-snippet:-1, max-image-preview:large, max-video-preview:-1\" \/>\n<link rel=\"canonical\" href=\"https:\/\/car-renting.me\/bs\/otisak\/\" \/>\n<meta property=\"og:locale\" content=\"bs_BA\" \/>\n<meta property=\"og:type\" content=\"article\" \/>\n<meta property=\"og:title\" content=\"otisak - Car Renting Montenegro\" \/>\n<meta property=\"og:url\" content=\"https:\/\/car-renting.me\/bs\/otisak\/\" \/>\n<meta property=\"og:site_name\" content=\"Car Renting Montenegro\" \/>\n<meta property=\"article:modified_time\" content=\"2022-11-04T15:38:19+00:00\" \/>\n<meta name=\"twitter:card\" content=\"summary_large_image\" \/>\n<meta name=\"twitter:label1\" content=\"Est. reading time\" \/>\n\t<meta name=\"twitter:data1\" content=\"9 minuta\" \/>\n<script type=\"application\/ld+json\" class=\"yoast-schema-graph\">{\"@context\":\"https:\/\/schema.org\",\"@graph\":[{\"@type\":\"WebPage\",\"@id\":\"https:\/\/car-renting.me\/bs\/otisak\/\",\"url\":\"https:\/\/car-renting.me\/bs\/otisak\/\",\"name\":\"otisak - Car Renting Montenegro\",\"isPartOf\":{\"@id\":\"https:\/\/car-renting.me\/bs\/#website\"},\"datePublished\":\"2022-10-24T13:58:51+00:00\",\"dateModified\":\"2022-11-04T15:38:19+00:00\",\"breadcrumb\":{\"@id\":\"https:\/\/car-renting.me\/bs\/otisak\/#breadcrumb\"},\"inLanguage\":\"bs-BA\",\"potentialAction\":[{\"@type\":\"ReadAction\",\"target\":[\"https:\/\/car-renting.me\/bs\/otisak\/\"]}]},{\"@type\":\"BreadcrumbList\",\"@id\":\"https:\/\/car-renting.me\/bs\/otisak\/#breadcrumb\",\"itemListElement\":[{\"@type\":\"ListItem\",\"position\":1,\"name\":\"Startseite\",\"item\":\"https:\/\/car-renting.me\/bs\/\"},{\"@type\":\"ListItem\",\"position\":2,\"name\":\"otisak\"}]},{\"@type\":\"WebSite\",\"@id\":\"https:\/\/car-renting.me\/bs\/#website\",\"url\":\"https:\/\/car-renting.me\/bs\/\",\"name\":\"Car Renting Montenegro\",\"description\":\"Rent a car Montenegro\",\"potentialAction\":[{\"@type\":\"SearchAction\",\"target\":{\"@type\":\"EntryPoint\",\"urlTemplate\":\"https:\/\/car-renting.me\/bs\/?s={search_term_string}\"},\"query-input\":{\"@type\":\"PropertyValueSpecification\",\"valueRequired\":true,\"valueName\":\"search_term_string\"}}],\"inLanguage\":\"bs-BA\"}]}<\/script>\n<!-- \/ Yoast SEO plugin. -->","yoast_head_json":{"title":"otisak - Car Renting Montenegro","robots":{"index":"index","follow":"follow","max-snippet":"max-snippet:-1","max-image-preview":"max-image-preview:large","max-video-preview":"max-video-preview:-1"},"canonical":"https:\/\/car-renting.me\/bs\/otisak\/","og_locale":"bs_BA","og_type":"article","og_title":"otisak - Car Renting Montenegro","og_url":"https:\/\/car-renting.me\/bs\/otisak\/","og_site_name":"Car Renting Montenegro","article_modified_time":"2022-11-04T15:38:19+00:00","twitter_card":"summary_large_image","twitter_misc":{"Est. reading time":"9 minuta"},"schema":{"@context":"https:\/\/schema.org","@graph":[{"@type":"WebPage","@id":"https:\/\/car-renting.me\/bs\/otisak\/","url":"https:\/\/car-renting.me\/bs\/otisak\/","name":"otisak - Car Renting Montenegro","isPartOf":{"@id":"https:\/\/car-renting.me\/bs\/#website"},"datePublished":"2022-10-24T13:58:51+00:00","dateModified":"2022-11-04T15:38:19+00:00","breadcrumb":{"@id":"https:\/\/car-renting.me\/bs\/otisak\/#breadcrumb"},"inLanguage":"bs-BA","potentialAction":[{"@type":"ReadAction","target":["https:\/\/car-renting.me\/bs\/otisak\/"]}]},{"@type":"BreadcrumbList","@id":"https:\/\/car-renting.me\/bs\/otisak\/#breadcrumb","itemListElement":[{"@type":"ListItem","position":1,"name":"Startseite","item":"https:\/\/car-renting.me\/bs\/"},{"@type":"ListItem","position":2,"name":"otisak"}]},{"@type":"WebSite","@id":"https:\/\/car-renting.me\/bs\/#website","url":"https:\/\/car-renting.me\/bs\/","name":"Car Renting Montenegro","description":"Rent a car Montenegro","potentialAction":[{"@type":"SearchAction","target":{"@type":"EntryPoint","urlTemplate":"https:\/\/car-renting.me\/bs\/?s={search_term_string}"},"query-input":{"@type":"PropertyValueSpecification","valueRequired":true,"valueName":"search_term_string"}}],"inLanguage":"bs-BA"}]}},"jetpack_sharing_enabled":true,"_links":{"self":[{"href":"https:\/\/car-renting.me\/bs\/wp-json\/wp\/v2\/pages\/3975","targetHints":{"allow":["GET"]}}],"collection":[{"href":"https:\/\/car-renting.me\/bs\/wp-json\/wp\/v2\/pages"}],"about":[{"href":"https:\/\/car-renting.me\/bs\/wp-json\/wp\/v2\/types\/page"}],"author":[{"embeddable":true,"href":"https:\/\/car-renting.me\/bs\/wp-json\/wp\/v2\/users\/2"}],"replies":[{"embeddable":true,"href":"https:\/\/car-renting.me\/bs\/wp-json\/wp\/v2\/comments?post=3975"}],"version-history":[{"count":1,"href":"https:\/\/car-renting.me\/bs\/wp-json\/wp\/v2\/pages\/3975\/revisions"}],"predecessor-version":[{"id":3976,"href":"https:\/\/car-renting.me\/bs\/wp-json\/wp\/v2\/pages\/3975\/revisions\/3976"}],"wp:attachment":[{"href":"https:\/\/car-renting.me\/bs\/wp-json\/wp\/v2\/media?parent=3975"}],"curies":[{"name":"wp","href":"https:\/\/api.w.org\/{rel}","templated":true}]}}